{"id":155,"date":"2022-04-19T12:16:46","date_gmt":"2022-04-19T11:16:46","guid":{"rendered":"https:\/\/ejsalas.privatedns.org\/blog\/?page_id=155"},"modified":"2023-05-05T11:00:06","modified_gmt":"2023-05-05T09:00:06","slug":"conspiranoia","status":"publish","type":"page","link":"https:\/\/ejsalas.privatedns.org\/blog\/index.php\/conspiranoia\/","title":{"rendered":"Conspiranoia"},"content":{"rendered":"\n<p>Ser conspiranoico es algo grande, es el nuevo revolucionario que no acepta lo defendido por el \u00abstablishmen\u00bb. Lo com\u00fan a todas estas tesis conspiranoicas es que hay un grupo organizado y oculto, de gente muy poderosa y malvada, que aspira al control mental de las personas; una \u00e9lites a las que califican de sat\u00e1nicas, pederastas y progresistas (ideolog\u00eda \u00abwoke\u00bb) que controla a ciertos partidos y a los medios de comunicaci\u00f3n:<\/p>\n\n\n\n<ul class=\"wp-block-list\">\n<li>Los negacionistas de cambio clim\u00e1tico. Los que creen que el clima est\u00e1 controlado por las \u00e9lites pol\u00edticas a su antojo e inter\u00e9s.<\/li>\n\n\n\n<li>Los defensores de la tesis de \u00abel gran reemplazo\u00bb.<\/li>\n\n\n\n<li>Los que creen en un complot puesto en marcha por grandes empresas tecnol\u00f3gicas para controlar nuestra mente. De ah\u00ed el rechazo, por ejemplo a la tecnolog\u00eda 5G o<\/li>\n\n\n\n<li>Los antivacunas. Ya sabemos que nos inyectan un \u00abchis\u00bb que nos controla. <\/li>\n\n\n\n<li>Los que creen que nos est\u00e1n dominando con el uso de qu\u00edmicos que se vierten en el agua o roc\u00edan desde el cielo en estelas (los \u00abchemtrails\u00bb); un enga\u00f1o que nos venden como causada por el paso de los aviones. <\/li>\n\n\n\n<li>Los negacionistas de la ciencia y de la medicina cient\u00edfica en favor de remedios alternativos que, a veces, llegan a costarles la vida. <\/li>\n<\/ul>\n\n\n\n<h2 class=\"wp-block-heading\">Sandy Hook:<\/h2>\n\n\n\n<p>El 14 de diciembre de 2012 un joven de 20 a\u00f1os entr\u00f3 en el colegio Sandy Hook armado hasta los dientes con un rifle de asalto, dos pistolas y una escopeta. Comenz\u00f3 a disparar matando a 20 ni\u00f1os entre los seis y siete a\u00f1os y a seis educadores. Lo que fue un trauma nacional, que abr\u00eda la puerta al control de armas (que despu\u00e9s no fructific\u00f3), dio lugar a un fen\u00f3meno inimaginable. <\/p>\n\n\n\n<blockquote class=\"wp-block-quote is-layout-flow wp-block-quote-is-layout-flow\">\n<p><em>Lo que s\u00ed sucedi\u00f3 de inmediato, como nunca antes en la his-<br>toria de otras masacres, fue un movimiento entonces incipiente<br>y que pocos vieron venir en toda su crudeza. Unas pocas horas<br>despu\u00e9s del asesinato de ni\u00f1os, la maquinaria de la mentira se<br>puso en marcha. Enseguida aparecieron mensajes denunciando<br>que se trataba de una falsa masacre entre los oyentes de Alex<br>Jones, el creador de la web Infowars. Jones se hab\u00eda hecho c\u00e9le-<br>bre con una mezcla de arengas descabelladas sobre gobiernos<br>que ponen en el agua sustancias qu\u00edmicas que convierten las<br>ranas en homosexuales y provocan tormentas de manera arti-<br>ficial o venta de productos absurdos para protegerse de un ata-<br>que nuclear o de la disfunci\u00f3n er\u00e9ctil.<br>Los seguidores de Jones y otros activistas estaban conven-<br>cidos de que los ni\u00f1os de Sandy Hook eran actores contrata-<br>dos, de que las fotos estaban trucadas y de que los padres en<br>realidad no hab\u00edan sufrido esa tragedia. Los bulos se convirtie-<br>ron pronto en acciones concretas y los \u201cinvestigadores\u201d, algu-<br>nos de Jones y otros espont\u00e1neos, fueron a la escuela y a las<br>casas de los padres. Llamaron a sus puertas, llenaron sus bu-<br>zones de cartas y sus contestadores, de insultos. Amenazaron<br>de muerte a padres traumatizados por el asesinato de sus ni-<br>\u00f1os. Los persiguieron durante a\u00f1os aunque cambiaran de te-<br>l\u00e9fono, de casa o de estado.<\/em><\/p>\n<cite>mar\u00eda ram\u00edrez &#8211; Revista &#8211; las mentiras que amenazan a la democracia (eldiario.es)<\/cite><\/blockquote>\n\n\n\n<p>La idea de este grupo era que el Gobierno de EE.UU. hab\u00eda puesto en marcha este tipo de escenificaciones para confiscar las armas a sus ciudadanos. El arranque de esta locura enlaza con la obligaci\u00f3n de los lugares p\u00fablicos y de los centros educativos de EE.UU. de realizar dos tipos de simulacros: uno de incendios, como sucede en Espa\u00f1a y otro de enclaustramiento, por la posibilidad de un ataque de un grupo armado. Para este tipo de simulacros han aparecido empresas que ofrecen la posibilidad de contratar a \u00abactores de crisis\u00bb para caracterizarlos como v\u00edctimas y dotar as\u00ed al simulacro de mayor realismo. <\/p>\n\n\n\n<p>Las familias del atentado de Sandy Hook estuvieron litigando durante diez a\u00f1os y consiguieron que Alex Jones se retractara en parte de sus afirmaciones. Incluso pidieron el apoyo de Donald Trump, cuando lleg\u00f3 a la Casa Blanca: ni les contest\u00f3. La audiencia objetivo de Alex Jones son hombres blancos ultraconservadores o libertarios. <\/p>\n\n\n\n<blockquote class=\"wp-block-quote is-layout-flow wp-block-quote-is-layout-flow\">\n<p>La gran apuesta pol\u00edtica de Jones fue Donald Trump, que apro-<br>vech\u00f3 el caldo de cultivo que ofrec\u00eda la extensa red de conspira-<br>noicos. Algunos de los activistas que acosaban a los padres de<br>Sandy Hook acabaron en el asalto al Capitolio en enero de 2021<br>para denunciar un imaginario fraude electoral, revertir el resul-<br>tado de las elecciones y, por el camino, \u201ccolgar\u201d a Mike Pence,<br>entonces vicepresidente. <\/p>\n\n\n\n<p>Trump, que era un invitado de honor en Infowars, segu\u00eda apo-<br>yando a Jones a\u00f1os despu\u00e9s de su martirio contra los padres de<br>Sandy Hook. Ambos compart\u00edan y repet\u00edan bulos de todo tipo,<br>como que grupos de cientos o miles (seg\u00fan el d\u00eda) de musulma-<br>nes en las calles de Nueva Jersey hab\u00edan celebrado el atentado contra las torres gemelas el 11-S. En las primarias republicanas,<br>Trump se dej\u00f3 entrevistar en busca de su apoyo para movilizar a<br>la base m\u00e1s propensa a creer en las mentiras de Jones y sus cons-<br>piraciones antisemitas, en las que tambi\u00e9n encuadraba a Hillary<br>Clinton. Al final de esa entrevista en 2015, Trump le dijo a Jones:<br>\u201cTu reputaci\u00f3n es impresionante. No te decepcionar\u00e9\u201d.<\/p>\n<cite>ibid<\/cite><\/blockquote>\n\n\n\n<p>           Los conspiranoicos son cuentas y activistas entregados a la difusi\u00f3n de falsedades que van variando su \u00abfoco de atenci\u00f3n\u00bb: lo mismo te hablan de rayos l\u00e1ser enviados desde sat\u00e9lites para explicar una ola de incendios en California, que se postulan como antivacunas beligerantes o, cuando esto ya no tiene tir\u00f3n, se centran en la invasi\u00f3n rusa y defienden que son \u00abactores de crisis\u00bb los que aparecen en el ataque ruso a una maternidad. En suma, son individuos combativos instalados en la existencia de conspiraciones, convertidas en un fin en s\u00ed mismo, y alrededor de las cuales obtienen un sentido a sus vidas y una relevancia social que se traduce en la existencia de \u00abseguidores\u00bb en las redes. Sum\u00e9mosle a eso las webs que se presentan como medios informativos y que simplemente se dedican a dar cabida a todo este tipo de falsedades. <\/p>\n\n\n\n<h2 class=\"wp-block-heading\">El \u00abgran reemplazo\u00bb<\/h2>\n\n\n\n<p>La idea fundamental es que una \u00e9lite globalista (que domina en la sombra) se ha propuesto favorecer la inmigraci\u00f3n ilegal debilitando los controles fronterizos para llevar a cabo su aviesa intenci\u00f3n de sustituir a los europeos o norteamericanos por grupos musulmanes o de razas no blancas a los que se les dota de privilegios, mientras se castiga con restricciones e impuestos a los nacionales que ven c\u00f3mo aqu\u00e9llos se apropian de las ayudas sociales y de los recursos del Estado. <\/p>\n\n\n\n<hr class=\"wp-block-separator has-alpha-channel-opacity\"\/>\n","protected":false},"excerpt":{"rendered":"<p>Ser conspiranoico es algo grande, es el nuevo revolucionario que no acepta lo defendido por el \u00abstablishmen\u00bb. Lo com\u00fan a todas estas tesis conspiranoicas es que hay un grupo organizado y oculto, de gente muy poderosa y malvada, que aspira al control mental de las personas; una \u00e9lites a las que califican de sat\u00e1nicas, pederastas [&hellip;]<\/p>\n","protected":false},"author":1,"featured_media":0,"parent":0,"menu_order":0,"comment_status":"closed","ping_status":"closed","template":"","meta":{"footnotes":""},"class_list":["post-155","page","type-page","status-publish","hentry"],"_links":{"self":[{"href":"https:\/\/ejsalas.privatedns.org\/blog\/index.php\/wp-json\/wp\/v2\/pages\/155","targetHints":{"allow":["GET"]}}],"collection":[{"href":"https:\/\/ejsalas.privatedns.org\/blog\/index.php\/wp-json\/wp\/v2\/pages"}],"about":[{"href":"https:\/\/ejsalas.privatedns.org\/blog\/index.php\/wp-json\/wp\/v2\/types\/page"}],"author":[{"embeddable":true,"href":"https:\/\/ejsalas.privatedns.org\/blog\/index.php\/wp-json\/wp\/v2\/users\/1"}],"replies":[{"embeddable":true,"href":"https:\/\/ejsalas.privatedns.org\/blog\/index.php\/wp-json\/wp\/v2\/comments?post=155"}],"version-history":[{"count":17,"href":"https:\/\/ejsalas.privatedns.org\/blog\/index.php\/wp-json\/wp\/v2\/pages\/155\/revisions"}],"predecessor-version":[{"id":388,"href":"https:\/\/ejsalas.privatedns.org\/blog\/index.php\/wp-json\/wp\/v2\/pages\/155\/revisions\/388"}],"wp:attachment":[{"href":"https:\/\/ejsalas.privatedns.org\/blog\/index.php\/wp-json\/wp\/v2\/media?parent=155"}],"curies":[{"name":"wp","href":"https:\/\/api.w.org\/{rel}","templated":true}]}}