{"id":200,"date":"2022-05-10T11:46:37","date_gmt":"2022-05-10T09:46:37","guid":{"rendered":"https:\/\/ejsalas.privatedns.org\/blog\/?page_id=200"},"modified":"2022-05-10T11:51:22","modified_gmt":"2022-05-10T09:51:22","slug":"capitalismo-woke","status":"publish","type":"page","link":"https:\/\/ejsalas.privatedns.org\/blog\/index.php\/capitalismo-woke\/","title":{"rendered":"Capitalismo \u00abwoke\u00bb:"},"content":{"rendered":"\n<blockquote class=\"wp-block-quote is-layout-flow wp-block-quote-is-layout-flow\"><p>El wokism, wokismo o movimiento woke cobra cada vez una mayor presencia en el espacio p\u00fablico, los debates pol\u00edticos y las redes. Viene del ingl\u00e9s, \u00abdespierto\u00bb, y se refiere a la conciencia en torno a las desigualdades sociales. Los wokes son aquellas personas que se definen como antirracistas, feministas, a favor de los derechos LGTB y una larga lista de causas. Sin embargo, la vigilancia que ejerce el movimiento sobre los individuos y su consecuente cultura de la cancelaci\u00f3n ha levantado dudas, tambi\u00e9n desde la izquierda, sobre su utilidad como pr\u00e1ctica pol\u00edtica.<\/p><p>[&#8230;] (El) origen del movimiento woke y la cancelaci\u00f3n, <s>que<\/s> hunde sus ra\u00edces en el antirracismo estadounidense y se refer\u00eda a la discriminaci\u00f3n que sufr\u00edan las personas afrodescendientes. \u00ab<strong>Cancelar originalmente tiene que ver con dejar de apoyar p\u00fablicamente a una persona<\/strong>\u00ab, de modo que si un artista o un personaje notorio pierde audiencia porque as\u00ed lo han decidido sus propios seguidores, no habr\u00eda nada que reprochar. \u00abPero ahora hay un linchamiento que va m\u00e1s all\u00e1\u00bb,<s> ha se\u00f1alado la divulgadora<\/s>, refiri\u00e9ndose al se\u00f1alamiento medi\u00e1tico que se ejerce sobre los individuos, tanto famosos como ciudadanos de a pie.\u00bb<\/p><p>[&#8230;] Esta b\u00fasqueda del castigo constante por parte de lo woke tendr\u00eda que ver con un resentimiento por parte de estas identidades. <\/p><p>[&#8230;] esta radicalizaci\u00f3n hacia la violencia se debe a que existen personas para las que \u00abel linchamiento ha sido la \u00fanica pr\u00e1ctica\u00bb. \u00abLa izquierda no se siente capacitada para hacer una praxis pol\u00edtica. En su lugar, se ha retra\u00eddo a espacios seguros, pero herm\u00e9ticos, que legitiman los prejuicios. Al no permitir ciertos discursos, rasgamos las vestiduras en vez de hacer pedagog\u00eda. Esto solo posterga el conflicto\u00bb.<\/p><p>[&#8230; ] Quintana Paz ha se\u00f1alado que lo woke propone un modelo de civilizaci\u00f3n que vendr\u00eda de la propia cultura judeocristiana y grecorromana de occidente. En la sociedad occidental, la v\u00edctima antes era vista como despreciable, ya que algo habr\u00eda hecho, pero con el tiempo se la comienza a ver como dadora de una verdad acerca de la realidad y de qui\u00e9nes somos.<\/p><p>[&#8230;] Sobre la cuesti\u00f3n de las v\u00edctimas como autoridades para explicar su opresi\u00f3n, Ayme Roman ha mencionado la <strong>standpoint theory<\/strong> o la teor\u00eda del punto de vista, seg\u00fan la cual las personas discriminadas tendr\u00edan cierta ventaja para poder entender los da\u00f1os que sufren, ya que lo viven en primera persona. (-&gt; Olvidando que su experiencia es subjetiva y, aunque puede ser muy orientadora y valiosa, tambi\u00e9n puede estar sesgada o mal orientada: no se puede considerar un valor absoluto). [&#8230;] Duval ha criticado que solo se permita hablar sobre una opresi\u00f3n a las personas que la sufren.<\/p><p>(Estamos ante) la imposibilidad de pensar otras formas de canalizar la indignaci\u00f3n.<\/p><cite>Adhik Arrilucea (Diario p\u00fablico &#8211; <a href=\"https:\/\/www.publico.es\/sociedad\/movimiento-woke-herencia-judeocristiana.html#md=modulo-portada-fila-de-modulos:3x2-t1;mm=mobile-big\">enlace<\/a>)<\/cite><\/blockquote>\n\n\n\n<p><strong>PARA LA EXTREMADERECHA ES EL NUEVO TOTALISTARISMO PROGRE<\/strong><\/p>\n\n\n\n<blockquote class=\"wp-block-quote is-layout-flow wp-block-quote-is-layout-flow\"><p>Para las extremas derechas es el nuevo \u201ccapitalismo \u2018woke\u2019\u201d (un t\u00e9rmino muy utilizado en Estados Unidos, sobre todo en relaci\u00f3n con las luchas por la justicia racial y social): una \u00e9lite progresista que se habr\u00eda hecho con el control de las instituciones globales y nacionales, y que desde all\u00ed se dedica a hacer la guerra a la gente com\u00fan. Cualquier t\u00f3pico, desde las demandas feministas hasta la discusi\u00f3n sobre si comer o no chuletones, puede ser subsumido en la nueva realidad del totalitarismo progre, en el relato del acoso a los de abajo. Una suerte de nueva \u2018matrix\u2019 frente a la cual las extremas derechas ofrecen la \u201cp\u00edldora roja\u201d que permite acceder a la realidad oculta por el nuevo pero m\u00e1s sutil, y por ello m\u00e1s eficaz, \u20181984\u2019.<\/p><cite>pablo stefanoni &#8211; revista eldiario.es &#8211; las mentiras que amenazan la democracia<\/cite><\/blockquote>\n","protected":false},"excerpt":{"rendered":"<p>El wokism, wokismo o movimiento woke cobra cada vez una mayor presencia en el espacio p\u00fablico, los debates pol\u00edticos y las redes. Viene del ingl\u00e9s, \u00abdespierto\u00bb, y se refiere a la conciencia en torno a las desigualdades sociales. Los wokes son aquellas personas que se definen como antirracistas, feministas, a favor de los derechos LGTB [&hellip;]<\/p>\n","protected":false},"author":1,"featured_media":0,"parent":0,"menu_order":0,"comment_status":"closed","ping_status":"closed","template":"","meta":{"footnotes":""},"class_list":["post-200","page","type-page","status-publish","hentry"],"_links":{"self":[{"href":"https:\/\/ejsalas.privatedns.org\/blog\/index.php\/wp-json\/wp\/v2\/pages\/200","targetHints":{"allow":["GET"]}}],"collection":[{"href":"https:\/\/ejsalas.privatedns.org\/blog\/index.php\/wp-json\/wp\/v2\/pages"}],"about":[{"href":"https:\/\/ejsalas.privatedns.org\/blog\/index.php\/wp-json\/wp\/v2\/types\/page"}],"author":[{"embeddable":true,"href":"https:\/\/ejsalas.privatedns.org\/blog\/index.php\/wp-json\/wp\/v2\/users\/1"}],"replies":[{"embeddable":true,"href":"https:\/\/ejsalas.privatedns.org\/blog\/index.php\/wp-json\/wp\/v2\/comments?post=200"}],"version-history":[{"count":3,"href":"https:\/\/ejsalas.privatedns.org\/blog\/index.php\/wp-json\/wp\/v2\/pages\/200\/revisions"}],"predecessor-version":[{"id":203,"href":"https:\/\/ejsalas.privatedns.org\/blog\/index.php\/wp-json\/wp\/v2\/pages\/200\/revisions\/203"}],"wp:attachment":[{"href":"https:\/\/ejsalas.privatedns.org\/blog\/index.php\/wp-json\/wp\/v2\/media?parent=200"}],"curies":[{"name":"wp","href":"https:\/\/api.w.org\/{rel}","templated":true}]}}