{"id":255,"date":"2022-07-13T10:14:36","date_gmt":"2022-07-13T08:14:36","guid":{"rendered":"https:\/\/ejsalas.privatedns.org\/blog\/?page_id=255"},"modified":"2022-07-13T10:14:36","modified_gmt":"2022-07-13T08:14:36","slug":"activismo-social","status":"publish","type":"page","link":"https:\/\/ejsalas.privatedns.org\/blog\/index.php\/activismo-social\/","title":{"rendered":"Activismo social"},"content":{"rendered":"\n<figure class=\"wp-block-embed is-type-video is-provider-youtube wp-block-embed-youtube wp-embed-aspect-16-9 wp-has-aspect-ratio\"><div class=\"wp-block-embed__wrapper\">\n<iframe loading=\"lazy\" title=\"Europa Laica protesta en Albacete por la cesi\u00f3n de un solar\" width=\"788\" height=\"443\" src=\"https:\/\/www.youtube.com\/embed\/J1YXxFfDb44?feature=oembed\" frameborder=\"0\" allow=\"accelerometer; autoplay; clipboard-write; encrypted-media; gyroscope; picture-in-picture\" allowfullscreen><\/iframe>\n<\/div><figcaption>Protesta de \u00abEuropa laica\u00bb por la cesi\u00f3n, desde el Ayuntamiento por un periodo de 75 a\u00f1os, de un terreno p\u00fablico a la iglesia cat\u00f3lica valorado en un mill\u00f3n de euros. <\/figcaption><\/figure>\n","protected":false},"excerpt":{"rendered":"","protected":false},"author":1,"featured_media":0,"parent":0,"menu_order":0,"comment_status":"closed","ping_status":"closed","template":"","meta":{"footnotes":""},"class_list":["post-255","page","type-page","status-publish","hentry"],"_links":{"self":[{"href":"https:\/\/ejsalas.privatedns.org\/blog\/index.php\/wp-json\/wp\/v2\/pages\/255","targetHints":{"allow":["GET"]}}],"collection":[{"href":"https:\/\/ejsalas.privatedns.org\/blog\/index.php\/wp-json\/wp\/v2\/pages"}],"about":[{"href":"https:\/\/ejsalas.privatedns.org\/blog\/index.php\/wp-json\/wp\/v2\/types\/page"}],"author":[{"embeddable":true,"href":"https:\/\/ejsalas.privatedns.org\/blog\/index.php\/wp-json\/wp\/v2\/users\/1"}],"replies":[{"embeddable":true,"href":"https:\/\/ejsalas.privatedns.org\/blog\/index.php\/wp-json\/wp\/v2\/comments?post=255"}],"version-history":[{"count":1,"href":"https:\/\/ejsalas.privatedns.org\/blog\/index.php\/wp-json\/wp\/v2\/pages\/255\/revisions"}],"predecessor-version":[{"id":256,"href":"https:\/\/ejsalas.privatedns.org\/blog\/index.php\/wp-json\/wp\/v2\/pages\/255\/revisions\/256"}],"wp:attachment":[{"href":"https:\/\/ejsalas.privatedns.org\/blog\/index.php\/wp-json\/wp\/v2\/media?parent=255"}],"curies":[{"name":"wp","href":"https:\/\/api.w.org\/{rel}","templated":true}]}}