{"id":345,"date":"2023-04-12T11:05:57","date_gmt":"2023-04-12T09:05:57","guid":{"rendered":"https:\/\/ejsalas.privatedns.org\/blog\/?page_id=345"},"modified":"2023-04-12T11:06:59","modified_gmt":"2023-04-12T09:06:59","slug":"formamos-parte-de-la-ue","status":"publish","type":"page","link":"https:\/\/ejsalas.privatedns.org\/blog\/index.php\/formamos-parte-de-la-ue\/","title":{"rendered":"Formamos parte de la UE"},"content":{"rendered":"\n<h2 class=\"wp-block-heading\">Ventajas<\/h2>\n\n\n\n<p>Formar parte de Europa (de la Uni\u00f3n Europea) ha sido fundamental para la modernizaci\u00f3n y el progreso de Espa\u00f1a. Gracias a la legislaci\u00f3n que proviene de Bruselas, el gobierno (obligado a trasponer la normativa europea a la legislaci\u00f3n nacional) se ha visto empujado a adoptar cambios que por las resistencias de los grupos de presi\u00f3n de este pa\u00eds no se hubieran adoptado. <\/p>\n\n\n\n<ul class=\"wp-block-list\">\n<li>Protecci\u00f3n del medio ambiente: la UE ha adoptado la decisi\u00f3n de suprimir la venta de veh\u00edculos de combusti\u00f3n a partir de 2035. Asimismo, reclama a Espa\u00f1a desde siempre una mejora en el tratamiento de las aguas residuales; en la protecci\u00f3n de los entornos naturales (Do\u00f1ana, Mar Menor); en la creaci\u00f3n de zonas ZBE en las ciudades; en el apoyo a las renovables. <\/li>\n\n\n\n<li>La PAC (Pol\u00edtica Agraria Com\u00fan) -con sus defectos- es imprescindible, ahora mismo, para el mantenimiento la agricultura de este pa\u00eds y de otros muchos de la Uni\u00f3n. Es una actividad subvencionada, que todos asumen como algo necesario. <\/li>\n\n\n\n<li>Permite la creaci\u00f3n de una legislaci\u00f3n europea com\u00fan, de obligado cumplimiento para todos los pa\u00edses miembros que cuentan con plazos definidos para trasponer a su legislaci\u00f3n nacional.  <\/li>\n\n\n\n<li>Defensa del modelo pol\u00edtico europeo: el estado social, democr\u00e1tico de derecho. La Uni\u00f3n Europea est\u00e1 vigilante en los casos de pa\u00edses como Hungr\u00eda y Polonia cuya deriva contraria a los principios del \u00abestado de derecho\u00bb son verdaderamente preocupantes.<\/li>\n\n\n\n<li>Ha permitido afrontar la crisis provocada por la guerra de Ucrania de otra forma distinta a la crisis provocada por los bando en 2008, con la creaci\u00f3n de los fondos \u00abnext generation\u00bb que suponen una inyecci\u00f3n enorme de dinero para los pa\u00edses que, como Espa\u00f1a, van cumpliendo con los compromisos adoptados con la Comisi\u00f3n Europea. <\/li>\n\n\n\n<li>Ha puesto en marcha la compra conjunta de vacunas o de gas en la crisis actual. Actuando de manera coordinada, lo que supone una mayor fuerza y la consecuci\u00f3n de mejores precios y mayor cantidad de provisiones.  <\/li>\n\n\n\n<li>Ha obligado al gobierno de Espa\u00f1a a modificar las relaciones con la Iglesia cat\u00f3lica imponiendo el pago de ciertos impuestos (muy pocos) de los que, hasta ahora, estaba exenta. Ello abre el camino para una reforma que suponga el pago de impuestos por parte de la Iglesia, algo a lo que el gobierno no se atreve. <\/li>\n\n\n\n<li>Asimismo, ha impuesto el est\u00e1ndar DAB+ para el desarrollo de la tecnolog\u00eda digital que sustituya a la emisi\u00f3n por FM. Algo absolutamente paralizado, durante a\u00f1os, en Espa\u00f1a. <\/li>\n<\/ul>\n\n\n\n<h2 class=\"wp-block-heading\">Inconvenientes<\/h2>\n\n\n\n<ul class=\"wp-block-list\">\n<li>La pol\u00edtica restrictiva que llev\u00f3 a cabo para afrontar la crisis econ\u00f3mica creada por los bancos en 2008 y que supuso la quiebra de Grecia (puesta en venta para asegurar el cobro de los bancos alemanes) y un fuerte endeudamiento para el resto de los pa\u00edses. <\/li>\n\n\n\n<li>La pol\u00edtica de control de gasto y de reducci\u00f3n del endeudamiento, defendida actualmente por Alemania y Pa\u00edses Bajos, ha sido rechazada por la Comisi\u00f3n Europea al suspender la regla general de 3% de endeudamiento y el 60% de deuda sobre el PIB, al crear acuerdos ad-hoc para cada uno de los pa\u00edses en funci\u00f3n de su situaci\u00f3n actual. <\/li>\n\n\n\n<li>El papel del BCE que es incapaz de tomar otro tipo de decisiones para corregir la inflaci\u00f3n que subir los tipos de inter\u00e9s con los que eso supone de empobrecimiento para los ciudadanos europeos cuyas vidas se hacen muy dif\u00edciles si est\u00e1n sometidos al pago de una hipoteca. <\/li>\n\n\n\n<li>La incapacidad para reformar el mercado de la energ\u00eda, con un sistema de subastas del precio de la electricidad que, ahora mismo, ya no tiene ning\u00fan sentido. <\/li>\n\n\n\n<li>Su falta de mensaje propio a nivel internacional con una servidumbre absoluta a los EE.UU. s\u00f3lo rota, actualmente por el presidente de Francia que pide abandonar dicha actitud que va a llevar a Europa a participar en todas las guerras que a EE.UU. les interese de ahora en adelante: olvidando la necesidad de buena vecindad imprescindible de Europa con Rusia y la falta de razones para enfrentarse a China en una escalada de amenazas cada vez m\u00e1s intensa. <\/li>\n\n\n\n<li>No se ha sabido industrializar, estableciendo una absoluta dependencia con pa\u00edses cuyos intereses, a veces, no pasan por Europa. Es el caso de la crisis de las mascarillas, de los semiconductores y microprocesadores, de fabricaci\u00f3n de medicamentos b\u00e1sicos, etc. etc. <\/li>\n<\/ul>\n\n\n\n<p><\/p>\n","protected":false},"excerpt":{"rendered":"<p>Ventajas Formar parte de Europa (de la Uni\u00f3n Europea) ha sido fundamental para la modernizaci\u00f3n y el progreso de Espa\u00f1a. Gracias a la legislaci\u00f3n que proviene de Bruselas, el gobierno (obligado a trasponer la normativa europea a la legislaci\u00f3n nacional) se ha visto empujado a adoptar cambios que por las resistencias de los grupos de [&hellip;]<\/p>\n","protected":false},"author":1,"featured_media":0,"parent":0,"menu_order":0,"comment_status":"closed","ping_status":"closed","template":"","meta":{"footnotes":""},"class_list":["post-345","page","type-page","status-publish","hentry"],"_links":{"self":[{"href":"https:\/\/ejsalas.privatedns.org\/blog\/index.php\/wp-json\/wp\/v2\/pages\/345","targetHints":{"allow":["GET"]}}],"collection":[{"href":"https:\/\/ejsalas.privatedns.org\/blog\/index.php\/wp-json\/wp\/v2\/pages"}],"about":[{"href":"https:\/\/ejsalas.privatedns.org\/blog\/index.php\/wp-json\/wp\/v2\/types\/page"}],"author":[{"embeddable":true,"href":"https:\/\/ejsalas.privatedns.org\/blog\/index.php\/wp-json\/wp\/v2\/users\/1"}],"replies":[{"embeddable":true,"href":"https:\/\/ejsalas.privatedns.org\/blog\/index.php\/wp-json\/wp\/v2\/comments?post=345"}],"version-history":[{"count":2,"href":"https:\/\/ejsalas.privatedns.org\/blog\/index.php\/wp-json\/wp\/v2\/pages\/345\/revisions"}],"predecessor-version":[{"id":347,"href":"https:\/\/ejsalas.privatedns.org\/blog\/index.php\/wp-json\/wp\/v2\/pages\/345\/revisions\/347"}],"wp:attachment":[{"href":"https:\/\/ejsalas.privatedns.org\/blog\/index.php\/wp-json\/wp\/v2\/media?parent=345"}],"curies":[{"name":"wp","href":"https:\/\/api.w.org\/{rel}","templated":true}]}}