{"id":35,"date":"2021-01-10T18:59:39","date_gmt":"2021-01-10T18:59:39","guid":{"rendered":"http:\/\/localhost\/blog\/?p=35"},"modified":"2025-03-29T19:41:01","modified_gmt":"2025-03-29T18:41:01","slug":"aforismos","status":"publish","type":"page","link":"https:\/\/ejsalas.privatedns.org\/blog\/index.php\/aforismos\/","title":{"rendered":"Aforismos"},"content":{"rendered":"\n<blockquote class=\"wp-block-quote has-text-align-left is-style-default has-regular-font-size is-layout-flow wp-block-quote-is-layout-flow\">\n<p>\u00abSi cree usted que la educaci\u00f3n es cara, pruebe con la ignorancia\u00bb.<\/p>\n<cite>derek bok<\/cite><\/blockquote>\n\n\n\n<blockquote class=\"wp-block-quote is-layout-flow wp-block-quote-is-layout-flow\">\n<p>\u00abLa guerra es un lugar donde j\u00f3venes que no se conocen y no se odian se matan entre s\u00ed, por la decisi\u00f3n de viejos que se conocen y se odian, pero no se matan\u201d.<\/p>\n<cite>la guerra &#8211; Erich Hartmann<\/cite><\/blockquote>\n\n\n\n<blockquote class=\"wp-block-quote is-layout-flow wp-block-quote-is-layout-flow\">\n<p>\u00abLa indiferencia mata\u00bb (Lois Pereiro)<\/p>\n\n\n\n<p>Porque, como dec\u00eda Mahatma Gandhi: \u00abM\u00e1s que los actos de los malos, <strong>me horroriza la INDIFERENCIA de los BUENOS<\/strong>\u00ab.<\/p>\n<cite>qu\u00e9 m\u00e1s da<\/cite><\/blockquote>\n\n\n\n<blockquote class=\"wp-block-quote is-layout-flow wp-block-quote-is-layout-flow\">\n<p>\u00abSi en una mesa hay un nazi y 10 personas que le respetan, en esa mesa hay 11 nazis\u00bb.<\/p>\n<cite>dicho alem\u00e1n<\/cite><\/blockquote>\n\n\n\n<blockquote class=\"wp-block-quote is-layout-flow wp-block-quote-is-layout-flow\">\n<p>\u00bfQu\u00e9 es la vida? Sino todo aquello que hacemos mientras Windows se est\u00e1 actualizando.<\/p>\n<cite>padecimiento personal. me ha borrado la partici\u00f3n.<\/cite><\/blockquote>\n\n\n\n<blockquote class=\"wp-block-quote is-layout-flow wp-block-quote-is-layout-flow\">\n<p>R\u00ede y sue\u00f1a.<\/p>\n<cite>recomendaciones para sobrevivir<\/cite><\/blockquote>\n\n\n\n<blockquote class=\"wp-block-quote is-layout-flow wp-block-quote-is-layout-flow\">\n<p>\u00abNo hay ning\u00fan viento favorable para el que no sabe a qu\u00e9 puerto se dirige\u00bb. <\/p>\n\n\n\n<p>&#8211; Para un barco sin rumbo, ning\u00fan viento es favorable.<\/p>\n\n\n\n<p>&#8211; \u00a1Qu\u00e9 importante son las ideas: entender lo que buscamos!<\/p>\n<cite>Arthur schopenhauer<\/cite><\/blockquote>\n\n\n\n<blockquote class=\"wp-block-quote is-layout-flow wp-block-quote-is-layout-flow\">\n<p>\u00abNo es el tiempo lo que se os da, sino el instante. Con un instante dado, a nosotros nos corresponde hacer el tiempo\u00bb.<\/p>\n<cite>Georges Poulet (1902-1991)<\/cite><\/blockquote>\n\n\n\n<blockquote class=\"wp-block-quote is-layout-flow wp-block-quote-is-layout-flow\">\n<p>No atribuyas a la maldad lo que pueda ser explicado por la estupidez.<\/p>\n<cite>PRINCIPIO DE HANLON &#8211; \u00a1NO LO OLVIDES!<\/cite><\/blockquote>\n\n\n\n<blockquote class=\"wp-block-quote is-layout-flow wp-block-quote-is-layout-flow\">\n<p>Es una l\u00e1stima que la estupidez no duela.<\/p>\n<cite>ANTON LAVEY<\/cite><\/blockquote>\n\n\n\n<blockquote class=\"wp-block-quote is-layout-flow wp-block-quote-is-layout-flow\">\n<p>Hay tres tipos de personas: los que saben sumar y los que no.<\/p>\n<cite>cuenta<\/cite><\/blockquote>\n\n\n\n<blockquote class=\"wp-block-quote is-style-default is-layout-flow wp-block-quote-is-layout-flow\">\n<p>Yo no soy supersticioso. Y no lo soy por una sencilla raz\u00f3n: y es que ser supersticioso trae mala suerte.<\/p>\n<cite>naturaleza humana<\/cite><\/blockquote>\n\n\n\n<blockquote class=\"wp-block-quote is-layout-flow wp-block-quote-is-layout-flow\">\n<p>La Ley, en su magn\u00edfica ecuanimidad, proh\u00edbe, tanto al rico como al pobre, dormir bajo los puentes, mendigar por las calles y robar pan\u00bb. <\/p>\n<cite>ANATOLE FRANCE Jacques Anatole Thibault (1844-1924)<\/cite><\/blockquote>\n\n\n\n<blockquote class=\"wp-block-quote is-layout-flow wp-block-quote-is-layout-flow\">\n<p>El pensamiento cient\u00edfico debe clasificar, sistematizar y generalizar para avanzar, pero tambi\u00e9n debemos ser conscientes de que estos son procesos mentales que el ser humano realiza para crear modelos comprensibles y manejables de la realidad material y no la realidad en s\u00ed.<\/p>\n<cite>Iria veiga &#8211; Revista n\u00ba 36 &#8211; eldiario.es &#8211; p\u00e1g. 13<\/cite><\/blockquote>\n\n\n\n<blockquote class=\"wp-block-quote is-layout-flow wp-block-quote-is-layout-flow\">\n<p>La envidia va tan flaca y amarilla porque muerde y no come.<\/p>\n<cite>francisco de quevedo<\/cite><\/blockquote>\n\n\n\n<blockquote class=\"wp-block-quote is-layout-flow wp-block-quote-is-layout-flow\">\n<p>Cualquiera puede simpatizar con los sufrimientos de un amigo, pero se requiere una naturaleza muy superior para simpatizar con el \u00e9xito de un amigo.<\/p>\n<cite>\u00d3scar wilde<\/cite><\/blockquote>\n\n\n\n<blockquote class=\"wp-block-quote is-layout-flow wp-block-quote-is-layout-flow\">\n<p>\u00abPorque ya sabemos que vinieron los sarracenos y nos molieron a palos, que Dios ayuda a los malos cuando son m\u00e1s que los buenos\u00bb<\/p>\n\n\n\n<p>Dice Nieves Concostrina que la \u00fanica afirmaci\u00f3n verdadera de todas las religiones es que \u00abtodas las dem\u00e1s religiones son falsas\u00bb.<\/p>\n<cite>PARA CREYENTES<\/cite><\/blockquote>\n","protected":false},"excerpt":{"rendered":"<p>\u00abSi cree usted que la educaci\u00f3n es cara, pruebe con la ignorancia\u00bb. derek bok \u00abLa guerra es un lugar donde j\u00f3venes que no se conocen y no se odian se matan entre s\u00ed, por la decisi\u00f3n de viejos que se conocen y se odian, pero no se matan\u201d. la guerra &#8211; Erich Hartmann \u00abLa indiferencia [&hellip;]<\/p>\n","protected":false},"author":1,"featured_media":0,"parent":0,"menu_order":0,"comment_status":"open","ping_status":"open","template":"","meta":{"footnotes":""},"class_list":["post-35","page","type-page","status-publish","hentry"],"_links":{"self":[{"href":"https:\/\/ejsalas.privatedns.org\/blog\/index.php\/wp-json\/wp\/v2\/pages\/35","targetHints":{"allow":["GET"]}}],"collection":[{"href":"https:\/\/ejsalas.privatedns.org\/blog\/index.php\/wp-json\/wp\/v2\/pages"}],"about":[{"href":"https:\/\/ejsalas.privatedns.org\/blog\/index.php\/wp-json\/wp\/v2\/types\/page"}],"author":[{"embeddable":true,"href":"https:\/\/ejsalas.privatedns.org\/blog\/index.php\/wp-json\/wp\/v2\/users\/1"}],"replies":[{"embeddable":true,"href":"https:\/\/ejsalas.privatedns.org\/blog\/index.php\/wp-json\/wp\/v2\/comments?post=35"}],"version-history":[{"count":15,"href":"https:\/\/ejsalas.privatedns.org\/blog\/index.php\/wp-json\/wp\/v2\/pages\/35\/revisions"}],"predecessor-version":[{"id":864,"href":"https:\/\/ejsalas.privatedns.org\/blog\/index.php\/wp-json\/wp\/v2\/pages\/35\/revisions\/864"}],"wp:attachment":[{"href":"https:\/\/ejsalas.privatedns.org\/blog\/index.php\/wp-json\/wp\/v2\/media?parent=35"}],"curies":[{"name":"wp","href":"https:\/\/api.w.org\/{rel}","templated":true}]}}