{"id":95,"date":"2021-12-29T08:22:34","date_gmt":"2021-12-29T07:22:34","guid":{"rendered":"https:\/\/ejsalas.privatedns.org\/blog\/?page_id=95"},"modified":"2021-12-29T08:41:45","modified_gmt":"2021-12-29T07:41:45","slug":"el-capitalismo","status":"publish","type":"page","link":"https:\/\/ejsalas.privatedns.org\/blog\/index.php\/el-capitalismo\/","title":{"rendered":"El Capitalismo"},"content":{"rendered":"\n<blockquote class=\"wp-block-quote is-style-default is-layout-flow wp-block-quote-is-layout-flow\"><p>\u00abCuando se le pregunt\u00f3 a Charlton Brooker la raz\u00f3n de cancelar la serie Black Mirror su respuesta pudo sonar grandilocuente . A mi me encant\u00f3 y me deprimi\u00f3 a partes iguales: \u00abInfluido por Huxley o Orwell, quise crear una corriente de opini\u00f3n y reflexi\u00f3n a trav\u00e9s de una serie, pero esta, lejos de producir un cambio, solo consigui\u00f3 normalizar la distop\u00eda, que ya vivimos, o el futuro apocalipsis, para transformarlas en un producto cultural. Mi alianza con Netflix fue la puntilla de Black Mirror y acab\u00e9 tan desazonado que decid\u00ed no volver a creer en que las cosas pueden cambiarse desde dentro\u00bb.\u00bb<\/p><p>[&#8230;]<\/p><p>\u00abResulta aterrador pensar en c\u00f3mo cada soluci\u00f3n que trata de resquebrajar el monol\u00edtico capitalismo, acaba convertido en divertimento, en moda, en trending topic, en pin, en camiseta, en pol\u00edticas reputacionales para empresas o, por resumirlo, en parte activa del problema.<\/p><p>El capitalismo ha conseguido algo que parec\u00eda imposible: que oponerse a \u00e9l sea ya tan capitalista como defenderlo.\u00bb<\/p><p>[&#8230;]<\/p><p>\u00abEl capitalismo no es un desastre natural que arrasar\u00e1 el planeta en cuesti\u00f3n de segundos. El capitalismo es un veneno que act\u00faa de forma progresiva, que sigue haci\u00e9ndonos creer que podemos crecer hasta el infinito, que sigue haci\u00e9ndonos creer que merecemos lo que tenemos, que sigue haci\u00e9ndonos creer que, mientras nos riamos con pel\u00edculas como esta [\u00abDon&#8217;t look up\u00bb], mientras alucinemos con Black Mirror, mientras compremos a empresas no contaminantes, mientras tuiteamos muy fuerte que #BlackLivesMatters o mientras publiquemos en nuestras redes textos como este que est\u00e1is leyendo para calmar nuestras conciencias, todo estar\u00e1 bien.\u00bb<\/p><cite>Iancutris<\/cite><\/blockquote>\n\n\n\n<p><a href=\"https:\/\/www.meneame.net\/story\/no-mires-arriba-mirate-ti-mismo\">https:\/\/www.meneame.net\/story\/no-mires-arriba-mirate-ti-mismo<\/a><\/p>\n\n\n\n<p><\/p>\n","protected":false},"excerpt":{"rendered":"<p>\u00abCuando se le pregunt\u00f3 a Charlton Brooker la raz\u00f3n de cancelar la serie Black Mirror su respuesta pudo sonar grandilocuente . A mi me encant\u00f3 y me deprimi\u00f3 a partes iguales: \u00abInfluido por Huxley o Orwell, quise crear una corriente de opini\u00f3n y reflexi\u00f3n a trav\u00e9s de una serie, pero esta, lejos de producir un [&hellip;]<\/p>\n","protected":false},"author":1,"featured_media":0,"parent":0,"menu_order":0,"comment_status":"closed","ping_status":"closed","template":"","meta":{"footnotes":""},"class_list":["post-95","page","type-page","status-publish","hentry"],"_links":{"self":[{"href":"https:\/\/ejsalas.privatedns.org\/blog\/index.php\/wp-json\/wp\/v2\/pages\/95","targetHints":{"allow":["GET"]}}],"collection":[{"href":"https:\/\/ejsalas.privatedns.org\/blog\/index.php\/wp-json\/wp\/v2\/pages"}],"about":[{"href":"https:\/\/ejsalas.privatedns.org\/blog\/index.php\/wp-json\/wp\/v2\/types\/page"}],"author":[{"embeddable":true,"href":"https:\/\/ejsalas.privatedns.org\/blog\/index.php\/wp-json\/wp\/v2\/users\/1"}],"replies":[{"embeddable":true,"href":"https:\/\/ejsalas.privatedns.org\/blog\/index.php\/wp-json\/wp\/v2\/comments?post=95"}],"version-history":[{"count":4,"href":"https:\/\/ejsalas.privatedns.org\/blog\/index.php\/wp-json\/wp\/v2\/pages\/95\/revisions"}],"predecessor-version":[{"id":101,"href":"https:\/\/ejsalas.privatedns.org\/blog\/index.php\/wp-json\/wp\/v2\/pages\/95\/revisions\/101"}],"wp:attachment":[{"href":"https:\/\/ejsalas.privatedns.org\/blog\/index.php\/wp-json\/wp\/v2\/media?parent=95"}],"curies":[{"name":"wp","href":"https:\/\/api.w.org\/{rel}","templated":true}]}}